{"id":6,"date":"2017-04-03T12:49:40","date_gmt":"2017-04-03T12:49:40","guid":{"rendered":"http:\/\/learningcenter.paratools.com\/?page_id=6"},"modified":"2017-04-03T13:27:43","modified_gmt":"2017-04-03T13:27:43","slug":"contact","status":"publish","type":"page","link":"https:\/\/learningcenter.paratools.com\/?page_id=6","title":{"rendered":"Contact"},"content":{"rendered":"<p>Une remarque, une id\u00e9e ? L&rsquo;\u00e9quipe du \u00ab\u00a0ParaTools Learning Center\u00a0\u00bb se tient \u00e0 votre disposition.<\/p>\n<p>Vous pouvez nous contacter \u00e0 l&rsquo;addresse suivante:<\/p>\n<p><a href=\"mailto:contact@paratools.fr\">contact@paratools.fr<\/a><\/p>\n<h3>Mentions l\u00e9gales<\/h3>\n<p>Ce site est \u00e9dit\u00e9 par les \u00e9quipes de ParaTools France.<\/p>\n<p>ParaTools SASU<br \/>\nCampus Teratec<br \/>\n2 rue de la Piquetterie<br \/>\n91 680 Bruy\u00e8res-le-Ch\u00e2tel<\/p>\n<p>T\u00e9l : 01 60 81 08 91<br \/>\nResponsable: Jean-Baptiste BESNARD<\/p>\n<p>Au capital de 5000 Euros.<br \/>\nSIRET:\u00a080054885100016<\/p>\n<p>&nbsp;<\/p>\n","protected":false},"excerpt":{"rendered":"<p>Une remarque, une id\u00e9e ? L&rsquo;\u00e9quipe du \u00ab\u00a0ParaTools Learning Center\u00a0\u00bb se tient \u00e0 votre disposition. Vous pouvez nous contacter \u00e0 l&rsquo;addresse suivante: contact@paratools.fr Mentions l\u00e9gales Ce site est \u00e9dit\u00e9 par les \u00e9quipes de ParaTools France. ParaTools SASU Campus Teratec 2 rue de la Piquetterie 91 680 Bruy\u00e8res-le-Ch\u00e2tel T\u00e9l : 01 60 81 08 91 Responsable: [&hellip;]<\/p>\n","protected":false},"author":1,"featured_media":0,"parent":0,"menu_order":0,"comment_status":"closed","ping_status":"closed","template":"","meta":[],"_links":{"self":[{"href":"https:\/\/learningcenter.paratools.com\/index.php?rest_route=\/wp\/v2\/pages\/6"}],"collection":[{"href":"https:\/\/learningcenter.paratools.com\/index.php?rest_route=\/wp\/v2\/pages"}],"about":[{"href":"https:\/\/learningcenter.paratools.com\/index.php?rest_route=\/wp\/v2\/types\/page"}],"author":[{"embeddable":true,"href":"https:\/\/learningcenter.paratools.com\/index.php?rest_route=\/wp\/v2\/users\/1"}],"replies":[{"embeddable":true,"href":"https:\/\/learningcenter.paratools.com\/index.php?rest_route=%2Fwp%2Fv2%2Fcomments&post=6"}],"version-history":[{"count":8,"href":"https:\/\/learningcenter.paratools.com\/index.php?rest_route=\/wp\/v2\/pages\/6\/revisions"}],"predecessor-version":[{"id":41,"href":"https:\/\/learningcenter.paratools.com\/index.php?rest_route=\/wp\/v2\/pages\/6\/revisions\/41"}],"wp:attachment":[{"href":"https:\/\/learningcenter.paratools.com\/index.php?rest_route=%2Fwp%2Fv2%2Fmedia&parent=6"}],"curies":[{"name":"wp","href":"https:\/\/api.w.org\/{rel}","templated":true}]}}