{"id":4,"date":"2017-04-03T12:49:40","date_gmt":"2017-04-03T12:49:40","guid":{"rendered":"http:\/\/learningcenter.paratools.com\/?page_id=4"},"modified":"2017-04-03T21:05:09","modified_gmt":"2017-04-03T21:05:09","slug":"home","status":"publish","type":"page","link":"https:\/\/learningcenter.paratools.com\/?page_id=4","title":{"rendered":"Le Projet"},"content":{"rendered":"<p>Bienvenue sur le site de partage de connaisance \u00ab\u00a0ParaTools Learning Center\u00a0\u00bb. Ce site internet, libre d&rsquo;acc\u00e8s vise \u00e0 partager des connaissances g\u00e9n\u00e9rales en informatiques haute-performance. En fournissant des ressources adapt\u00e9es et pointues aux scientifiques ou passion\u00e9s de HPC, l&rsquo;objectif et de\u00a0d\u00e9mocratiser l&rsquo;utisation des architectures de calcul fortement parall\u00e8les.<\/p>\n<p>Ces travaux sont rendu possible par le support de BPI France dans le cadre du projet d&rsquo;investissement d&rsquo;avenir SMICE.<\/p>\n<p><img loading=\"lazy\" class=\"alignnone size-medium wp-image-32 aligncenter\" src=\"http:\/\/learningcenter.paratools.com\/wp-content\/uploads\/2017\/04\/bpi-france-logo-300x150.png\" alt=\"\" width=\"300\" height=\"150\" srcset=\"https:\/\/learningcenter.paratools.com\/wp-content\/uploads\/2017\/04\/bpi-france-logo-300x150.png 300w, https:\/\/learningcenter.paratools.com\/wp-content\/uploads\/2017\/04\/bpi-france-logo.png 600w\" sizes=\"(max-width: 300px) 100vw, 300px\" \/><\/p>\n<p>Les resources de ce site-web sont \u00e0 votre disposition sous une licences Creative Common dans les termes suivants:<\/p>\n<p><a href=\"http:\/\/creativecommons.org\/licenses\/by-nc-nd\/4.0\/\" rel=\"license\"><img style=\"border-width: 0;\" src=\"https:\/\/i.creativecommons.org\/l\/by-nc-nd\/4.0\/88x31.png\" alt=\"Licence Creative Commons\" \/><\/a><br \/>\nCette \u0153uvre est mise \u00e0 disposition selon les termes de la <a href=\"http:\/\/creativecommons.org\/licenses\/by-nc-nd\/4.0\/\" rel=\"license\">Licence Creative Commons Attribution &#8211; Pas d&rsquo;Utilisation Commerciale &#8211; Pas de Modification 4.0 International<\/a>.<\/p>\n","protected":false},"excerpt":{"rendered":"<p>Bienvenue sur le site de partage de connaisance \u00ab\u00a0ParaTools Learning Center\u00a0\u00bb. Ce site internet, libre d&rsquo;acc\u00e8s vise \u00e0 partager des connaissances g\u00e9n\u00e9rales en informatiques haute-performance. En fournissant des ressources adapt\u00e9es et pointues aux scientifiques ou passion\u00e9s de HPC, l&rsquo;objectif et de\u00a0d\u00e9mocratiser l&rsquo;utisation des architectures de calcul fortement parall\u00e8les. Ces travaux sont rendu possible par le [&hellip;]<\/p>\n","protected":false},"author":1,"featured_media":0,"parent":0,"menu_order":0,"comment_status":"closed","ping_status":"closed","template":"","meta":[],"_links":{"self":[{"href":"https:\/\/learningcenter.paratools.com\/index.php?rest_route=\/wp\/v2\/pages\/4"}],"collection":[{"href":"https:\/\/learningcenter.paratools.com\/index.php?rest_route=\/wp\/v2\/pages"}],"about":[{"href":"https:\/\/learningcenter.paratools.com\/index.php?rest_route=\/wp\/v2\/types\/page"}],"author":[{"embeddable":true,"href":"https:\/\/learningcenter.paratools.com\/index.php?rest_route=\/wp\/v2\/users\/1"}],"replies":[{"embeddable":true,"href":"https:\/\/learningcenter.paratools.com\/index.php?rest_route=%2Fwp%2Fv2%2Fcomments&post=4"}],"version-history":[{"count":8,"href":"https:\/\/learningcenter.paratools.com\/index.php?rest_route=\/wp\/v2\/pages\/4\/revisions"}],"predecessor-version":[{"id":178,"href":"https:\/\/learningcenter.paratools.com\/index.php?rest_route=\/wp\/v2\/pages\/4\/revisions\/178"}],"wp:attachment":[{"href":"https:\/\/learningcenter.paratools.com\/index.php?rest_route=%2Fwp%2Fv2%2Fmedia&parent=4"}],"curies":[{"name":"wp","href":"https:\/\/api.w.org\/{rel}","templated":true}]}}